{"id":1638,"date":"2014-06-05T08:52:01","date_gmt":"2014-06-05T08:52:01","guid":{"rendered":"http:\/\/lavinateriadelcall.com\/grid-system\/"},"modified":"2019-01-27T18:44:11","modified_gmt":"2019-01-27T18:44:11","slug":"grid-system","status":"publish","type":"page","link":"https:\/\/lavinateriadelcall.com\/en\/grid-system\/","title":{"rendered":"They say about us"},"content":{"rendered":"<h2 style=\"text-align: center;\">Once you pass trough La Vinateria del Call door you stop being a client to become a friend. You can confirm that so by reading what has been said before.<\/h2>\n<hr class=\"pixcode  pixcode--separator  separator\"\/>\n\n<h3 style=\"text-align: center;\"><strong>THE SPECIALIZED PRESS says:<\/strong><\/h3>\n\t<div class=\"pixcode  pixcode--grid  grid\" >\n\t\t\t<div class=\"grid__item six-twelfths palm-one-whole\" >\n\t\t\n<h3>A TASTE OF EXPLOSION<\/h3>\n<blockquote><p>This narrow llesqueria, furnished with dark wood and dusty bottles, has something of the Dickensian tavern about it, but once inside there&#8217;s an eclectic music selection from flamenco to ra\u00ee , and lively multilingual staff. The wine list and range of hams and cheeses are outstanding; try the cecina de ciervo &#8211; thin slices of cured venison.<\/p><\/blockquote>\n<p style=\"text-align: right;\"><span style=\"color: #000000;\"><a style=\"color: #000000;\" href=\"https:\/\/www.theguardian.com\/travel\/2002\/jun\/16\/barcelona.spain.travelfoodanddrink\" target=\"_blank\" rel=\"noopener\">Sally Davies \u2013 The Guardian<\/a><\/span><\/p>\n<div class=\"pixcode  pixcode--separator  separator separator--flower\">&#10043;<\/div>\n\n<h3>LUGAR IDEAL PARA IR CON AMIGOS<\/h3>\n<blockquote><p>Uno de los mejores p\u00e0 amb tomaquet de Barcelona.<\/p><\/blockquote>\n<p style=\"text-align: right;\"><span style=\"color: #000000;\"><a style=\"color: #000000;\" href=\"https:\/\/www.atrapalo.cl\/restaurantes\/la-vinateria-del-call_f582.html#reserva-individual\" target=\"_blank\" rel=\"noopener\">Atrapalo<\/a><\/span><\/p>\n<div class=\"pixcode  pixcode--separator  separator separator--flower\">&#10043;<\/div>\n\n<h3>Son simp\u00e1ticos y son perrunos<\/h3>\n<blockquote><p>Es un local con gran solera, de luz muy tenue y maderas, que es f\u00e1cil sentirse a gusto. Y es un lugar estupendo para tomar algo, o varios algos, en compa\u00f1\u00eda de tu SrPerro: aqu\u00ed son bienvenidos.<\/p><\/blockquote>\n<p style=\"text-align: right;\"><span style=\"color: #000000;\"><a style=\"color: #000000;\" href=\"https:\/\/www.srperro.com\/la-vinateria-del-call\" target=\"_blank\" rel=\"noopener\">\u00a0Sr. Perro<\/a><\/span><\/p>\n<div class=\"pixcode  pixcode--separator  separator separator--flower\">&#10043;<\/div>\n\n<h3>Prohibido pedir Coca-ColA<\/h3>\n<blockquote><p>Quien no quiera vino, agua y mosto. Ni modernismo esnob ni extravagancia de propietario: coherencia de local. \u201cNadie se sorprende que en McDonalds no tengan pulpo. Nos llamamos vinater\u00eda y servimos vino\u201d.<\/p><\/blockquote>\n<p style=\"text-align: right;\"><span style=\"color: #000000;\"><a style=\"color: #000000;\" href=\"https:\/\/cultibar.es\/2013\/04\/18\/la-vinateria-del-call-prohibido-pedir-coca-cola\/\" target=\"_blank\" rel=\"noopener\">CultiBar<\/a><\/span><\/p>\n<div class=\"pixcode  pixcode--separator  separator separator--flower\">&#10043;<\/div>\n\n<h3><\/h3>\n\t<\/div>\n\t<div class=\"grid__item six-twelfths palm-one-whole\" >\n\t\t\n<h3>Time Out diu<\/h3>\n<blockquote><p>Encara que sembli increi\u0308ble, es poden trobar locals respectuosos amb els barcelonins. Un d\u2019aquests llocs e\u0301s La Vinateria del Call. Pocs establiments de Barcelona tenen una carta tan extensa de vins catalans com ells, de la DO Costers del Segre a la DO Conca de Barbera\u0300, no hi ha regio\u0301 que se\u2019ls resisteixi. Amb l\u2019extensa oferta de tapes, formatges i embotits nostrats, hi trobareu el maridatge perfecte sota la llum d\u2019una espelma.<\/p><\/blockquote>\n<p style=\"text-align: right;\"><span style=\"color: #000000;\"><a style=\"color: #000000;\" href=\"https:\/\/www.timeout.cat\/barcelona\/ca\/menjar-i-beure\/la-vinateria-del-call\" target=\"_blank\" rel=\"noopener\">Time Out<\/a>\u00a0<\/span><\/p>\n<div class=\"pixcode  pixcode--separator  separator separator--flower\">&#10043;<\/div>\n\n<h3>A taster tour<\/h3>\n<blockquote><p>Pop into La Vinateria del Call (Carrer Sant Dom\u00e8nec del Call 9), an old-fashioned bar with a great range of wines and tapas.<\/p><\/blockquote>\n<p style=\"text-align: right;\"><span style=\"color: #000000;\"><a style=\"color: #000000;\" href=\"http:\/\/lavinateriadelcall.com\/one-page\/#make-reservation\" target=\"_blank\" rel=\"noopener\">Annie Bennett \u2013 The Telegraph<\/a><\/span><\/p>\n<div class=\"pixcode  pixcode--separator  separator separator--flower\">&#10043;<\/div>\n\n<h3>A hidden gourmet den of catalan perfection<\/h3>\n<blockquote><p>Value for Euro, fabulous food, centrally located and showcasing either a few good wines, or a long list of lovelies. A vibrant, infundibular restaurant tucked inside the narrow, winding streets of the old Gothic Jewish Quarter.<\/p><\/blockquote>\n<p style=\"text-align: right;\"><span style=\"color: #000000;\"><a style=\"color: #000000;\" href=\"https:\/\/catavino.net\/la-vinateria-del-call-a-hidden-gourmet-den-of-catalan-perfection\/\" target=\"_blank\" rel=\"noopener\">Gabrielle Opaz \u2013 Catavino<\/a><\/span><\/p>\n<div class=\"pixcode  pixcode--separator  separator separator--flower\">&#10043;<\/div>\n\n\t<\/div>\n\t<\/div>\n\n<hr class=\"pixcode  pixcode--separator  separator separator--line\"\/>\n\n<h3 style=\"text-align: center;\"><strong>our clients opinion:<\/strong><\/h3>\n\t<div class=\"pixcode  pixcode--grid  grid\" >\n\t\t\t<div class=\"grid__item four-twelfths palm-one-whole\" >\n\t\t\n<blockquote><p>Lugar donde se te agudizan los sentidos!! el olor y el gusto de buenos vinos y embutidos, la luz t\u00e9nue y acogedora y el buen trato del servicio, me encantaaaaaaa!!<\/p><\/blockquote>\n<p class=\"testimonial_nombre\" style=\"text-align: right;\"><strong>\u2014 Laura G\u00fcell<\/strong><\/p>\n<div class=\"pixcode  pixcode--separator  separator separator--flower\">&#10043;<\/div>\n\n<blockquote><p>Buena comida y un extraordinario servicio. En el mero G\u00f3tico. Si tiene que esperar por una mesa h\u00e1galo, vale la pena. Mantenga una buena sonrisa y disfrute los vinos de Catalu\u00f1a y las magnificas tapas.<\/p><\/blockquote>\n<p><strong>\u2014 Luis J M\u00a0<\/strong><strong>(Tripadvisor)<\/strong><\/p>\n<div class=\"pixcode  pixcode--separator  separator separator--flower\">&#10043;<\/div>\n\n\t<\/div>\n\t<div class=\"grid__item four-twelfths palm-one-whole\" >\n\t\t\n<blockquote><p>\u00a1Charmant!<\/p><\/blockquote>\n<p class=\"testimonial_nombre\" style=\"text-align: right;\"><strong>\u2014 Alex Pag\u00e8s<\/strong><\/p>\n<div class=\"pixcode  pixcode--separator  separator separator--flower\">&#10043;<\/div>\n\n<blockquote><p>The wines are great and cheap. The food is outstanding. I love it<\/p><\/blockquote>\n<p class=\"testimonial_nombre\" style=\"text-align: right;\"><strong>\u2014 James D.<\/strong><\/p>\n<div class=\"pixcode  pixcode--separator  separator separator--flower\">&#10043;<\/div>\n\n<blockquote><p>Es el restaurante que nunca falla. La materia prima es brutalmente buena y la carta de vinos muy amplia. Recomiendo los Priorats<\/p><\/blockquote>\n<p><strong>\u2014 Mar\u00eda Jes\u00fas <\/strong><strong>(Tripadvisor)<\/strong><\/p>\n<div class=\"pixcode  pixcode--separator  separator separator--flower\">&#10043;<\/div>\n\n\t<\/div>\n\t<div class=\"grid__item four-twelfths palm-one-whole\" >\n\t\t\n<blockquote>\n<p style=\"text-align: left;\"><span style=\"font-family: inherit; font-weight: inherit;\">Bon menjar, bon veure, bona gent, bona companyia, bon local&#8230;en definitiva IM-PRESCINDIBLE&#8230;Un MUST visit in BCN!!!!!<\/span><\/p>\n<\/blockquote>\n<p class=\"testimonial_nombre\" style=\"text-align: right;\"><strong>\u2014 Xavier Arrieta<\/strong><\/p>\n<div class=\"pixcode  pixcode--separator  separator separator--flower\">&#10043;<\/div>\n\n<div class=\"prw_rup prw_reviews_text_summary_hsx\" data-prwidget-name=\"reviews_text_summary_hsx\" data-prwidget-init=\"handlers\">\n<div class=\"entry\" style=\"text-align: right;\">\n<blockquote>\n<p class=\"partial_entry\" style=\"text-align: right;\">Trato cercano y muy atentos, la comida hecha a mano, genial cocinada y todo fresco.<br \/>\nVolver\u00e9 porque es dif\u00edcil encontrar un sitio aut\u00e9ntico por el centro de Barcelona!<\/p>\n<\/blockquote>\n<p><strong>\u2014 Pink chicle\u00a0<\/strong><strong>(Tripadvisor)<\/strong><\/p>\n<\/div>\n<div class=\"pixcode  pixcode--separator  separator separator--flower\">&#10043;<\/div>\n<\/div>\n\t<\/div>\n\t<\/div>\n\n<blockquote>\n<p style=\"text-align: center;\"><span style=\"font-family: inherit; font-weight: inherit;\">\u201cUn acierto con sabor tradicional\u201d\u00a0<\/span><span style=\"font-family: inherit; font-weight: inherit;\">Nos recomend\u00f3 el sitio un amigo de Barcelona y menudo \u00e9xito. La comida est\u00e1 buen\u00edsima, es simple y tradicional, recomiendo los embutidos y quesos acompa\u00f1ados de pan tumaca caliente. Aconsejo pedir medias raciones para poder probar m\u00e1s cosas. Las tortillas espectaculares (recomiendo especialmente la de calabac\u00edn) y la carta de vinos correcta. Postres tradicionales con mucho mimo, la crema catalana espectacular. La localizaci\u00f3n es perfecta para andar de turisteo y el ambiente y el servicio son inmejorables. De verdad, una experiencia muy recomendable.<\/span><\/p>\n<\/blockquote>\n<p style=\"text-align: right;\"><strong>\u2014 Varo Mor\u00e1n<\/strong><\/p>\n<p style=\"text-align: center;\"><div class=\"pixcode  pixcode--separator  separator separator--flower\">&#10043;<\/div>\n\n\t<div class=\"pixcode  pixcode--grid  grid\" >\n\t\t\t<div class=\"grid__item four-twelfths palm-one-whole\" >\n\t\t\n<blockquote><p>Sabor&#8230; de vivir<\/p><\/blockquote>\n<p><strong>\u2014 Montse Pa\u00f1ella Castells<\/strong><\/p>\n<div class=\"pixcode  pixcode--separator  separator separator--flower\">&#10043;<\/div>\n\n<blockquote><p>La mejor Taberna Gourmet de Barcelona!!!<\/p><\/blockquote>\n<p class=\"testimonial_nombre\" style=\"text-align: right;\"><strong>\u2014 Ambros\u00eda Mediterr\u00e1nea (Sociedad gastron\u00f3mica)<\/strong><\/p>\n<div class=\"pixcode  pixcode--separator  separator separator--flower\">&#10043;<\/div>\n\n<blockquote><p>Trobar aquesta vinateria ha estat una forma collonuda de comen\u00e7ar el 2012.<\/p><\/blockquote>\n<p class=\"testimonial_nombre\" style=\"text-align: right;\"><strong>\u2014 Roger Olivet<\/strong><\/p>\n<div class=\"pixcode  pixcode--separator  separator separator--flower\">&#10043;<\/div>\n\n<blockquote><p>He conegut aquest fantastic restaurant. Us el recomano<\/p><\/blockquote>\n<p class=\"testimonial_nombre\" style=\"text-align: right;\"><strong>\u2014 Elena Bizarro<\/strong><\/p>\n<div class=\"pixcode  pixcode--separator  separator separator--flower\">&#10043;<\/div>\n\n<blockquote><p>Cozy. En castizo, absolutamente acojo&#8230; digo, acogedor!<\/p><\/blockquote>\n<p class=\"testimonial_nombre\" style=\"text-align: right;\"><strong>\u2014 Natalia de la Calle<\/strong><\/p>\n\t<\/div>\n\t<div class=\"grid__item four-twelfths palm-one-whole\" >\n\t\t\n<blockquote><p><span style=\"font-family: inherit; font-weight: inherit;\">Charming and lovely restaurant<\/span><\/p><\/blockquote>\n<p class=\"testimonial_nombre\" style=\"text-align: right;\"><strong>\u2014 Mike Fillhung<\/strong><\/p>\n<div class=\"pixcode  pixcode--separator  separator separator--flower\">&#10043;<\/div>\n\n<blockquote><p>Trobar aquesta vinateria ha estat una forma collonuda de comen\u00e7ar el 2012.<\/p><\/blockquote>\n<p class=\"testimonial_nombre\" style=\"text-align: right;\"><strong>\u2014 Roger Olivet<\/strong><\/p>\n<div class=\"pixcode  pixcode--separator  separator separator--flower\">&#10043;<\/div>\n\n<blockquote><p>Me encanta La Vinateria! Deliciosa comida y cavas.<\/p><\/blockquote>\n<p class=\"testimonial_nombre\" style=\"text-align: right;\"><strong>\u2014 Daniela Rossi<\/strong><\/p>\n<div class=\"pixcode  pixcode--separator  separator separator--flower\">&#10043;<\/div>\n\n<blockquote><p>Impresive<\/p><\/blockquote>\n<p class=\"testimonial_nombre\" style=\"text-align: right;\"><strong>\u2014 John Lasswolf<\/strong><\/p>\n<div class=\"pixcode  pixcode--separator  separator separator--flower\">&#10043;<\/div>\n\n<blockquote><p>Para probar \u00f3ptimos vinos y comer quesos, embutidos y unas tortillas para lamerse los dedos!!! A mi me gusta mucho!!<\/p><\/blockquote>\n<p style=\"text-align: right;\"><strong>\u2013 An\u00f3nimo<\/strong><\/p>\n\t<\/div>\n\t<div class=\"grid__item four-twelfths palm-one-whole\" >\n\t\t\n<blockquote><p><span style=\"font-family: inherit; font-weight: inherit;\">Deixa&#8217;t seduir per l&#8217;encant de la vinateria.saboreja cada delicios plat acompanyat d&#8217;un exquisit vi i l&#8217;amabilitat&#8230;<\/span><\/p><\/blockquote>\n<p style=\"text-align: right;\"><strong>\u2014 Mimi Marques<\/strong><\/p>\n<div class=\"pixcode  pixcode--separator  separator separator--flower\">&#10043;<\/div>\n\n<blockquote><p>Bestial!!!<\/p><\/blockquote>\n<p class=\"testimonial_nombre\" style=\"text-align: right;\"><strong>\u2014 Josep Arenillas<\/strong><\/p>\n<div class=\"pixcode  pixcode--separator  separator separator--flower\">&#10043;<\/div>\n\n<blockquote><p>D\u00e9licieux tapas \u00e0 la vinateria ce we !!!<\/p><\/blockquote>\n<p class=\"testimonial_nombre\" style=\"text-align: right;\"><strong>\u2014 Vanbellinghen Chlo\u00e9<\/strong><\/p>\n<div class=\"pixcode  pixcode--separator  separator separator--flower\">&#10043;<\/div>\n\n<blockquote><p>Trobar aquesta vinateria ha estat una forma collonuda de comen\u00e7ar el 2012.<\/p><\/blockquote>\n<p><strong>\u2014 Roger Olivet<\/strong><\/p>\n<p>&nbsp;<\/p>\n\t<\/div>\n\t<\/div>\n\n<p>&nbsp;<\/p>\n<div class=\"pixcode  pixcode--separator  separator separator--line-flower\">\n<div class=\"line  line--left\"><\/div>\n<div class=\"line  line--right\"><\/div>\n<div class=\"star\">&#10043;<\/div>\n<div class=\"arrows\">\n<div class=\"arrow arrow--left\"><\/div>\n<div class=\"arrow arrow--right\"><\/div>\n<\/div>\n<\/div>\n\n<h3 style=\"text-align: center;\"><span lang=\"en\">share with us your experience<\/span><\/h3>\n<p style=\"text-align: center;\">\n<div class=\"wpcf7 no-js\" id=\"wpcf7-f1710-o1\" lang=\"es-ES\" dir=\"ltr\" data-wpcf7-id=\"1710\">\n<div class=\"screen-reader-response\"><p role=\"status\" aria-live=\"polite\" aria-atomic=\"true\"><\/p> <ul><\/ul><\/div>\n<form action=\"\/en\/wp-json\/wp\/v2\/pages\/1638#wpcf7-f1710-o1\" method=\"post\" class=\"wpcf7-form init\" aria-label=\"Formulario de contacto\" novalidate=\"novalidate\" data-status=\"init\">\n<div style=\"display: none;\">\n<input type=\"hidden\" name=\"_wpcf7\" value=\"1710\" \/>\n<input type=\"hidden\" name=\"_wpcf7_version\" value=\"6.0\" \/>\n<input type=\"hidden\" name=\"_wpcf7_locale\" value=\"es_ES\" \/>\n<input type=\"hidden\" name=\"_wpcf7_unit_tag\" value=\"wpcf7-f1710-o1\" \/>\n<input type=\"hidden\" name=\"_wpcf7_container_post\" value=\"0\" \/>\n<input type=\"hidden\" name=\"_wpcf7_posted_data_hash\" value=\"\" \/>\n<\/div>\n<p><label> Name*<br \/>\n<span class=\"wpcf7-form-control-wrap\" data-name=\"your-name\"><input size=\"40\" maxlength=\"400\" class=\"wpcf7-form-control wpcf7-text wpcf7-validates-as-required\" aria-required=\"true\" aria-invalid=\"false\" value=\"\" type=\"text\" name=\"your-name\" \/><\/span> <\/label>\n<\/p>\n<p><label> E-mail* (will not be published)<br \/>\n<span class=\"wpcf7-form-control-wrap\" data-name=\"your-email\"><input size=\"40\" maxlength=\"400\" class=\"wpcf7-form-control wpcf7-email wpcf7-validates-as-required wpcf7-text wpcf7-validates-as-email\" aria-required=\"true\" aria-invalid=\"false\" value=\"\" type=\"email\" name=\"your-email\" \/><\/span> <\/label>\n<\/p>\n<p><label> Message*<br \/>\n<span class=\"wpcf7-form-control-wrap\" data-name=\"your-message\"><textarea cols=\"40\" rows=\"10\" maxlength=\"2000\" class=\"wpcf7-form-control wpcf7-textarea\" aria-invalid=\"false\" name=\"your-message\"><\/textarea><\/span> <\/label>\n<\/p>\n<p style=\"text-align: left;\"> *required fields\n<\/p>\n<div class=\"g-recaptcha-wrap\" style=\"padding:10px 0 10px 0\">\n\t<div  class=\"g-recaptcha\" data-sitekey=\"6LcNzssUAAAAAJHeGd9_SlqoYslzuBEd5yrAaFKt\">\n\t<\/div>\n<\/div>\n<p><span class='wpcf7-form-control-wrap' data-name='aiowps-captcha'><\/span><input class=\"wpcf7-form-control wpcf7-submit has-spinner\" type=\"submit\" value=\"Enviar\" \/>\n<\/p><input type='hidden' class='wpcf7-pum' value='{\"closepopup\":false,\"closedelay\":0,\"openpopup\":false,\"openpopup_id\":0}' \/><div class=\"wpcf7-response-output\" aria-hidden=\"true\"><\/div>\n<\/form>\n<\/div>\n\n","protected":false},"excerpt":{"rendered":"<p>Once you pass trough La Vinateria del Call door you stop being a client to become a friend. You can confirm that so by reading what has been said before. THE SPECIALIZED PRESS says: our clients opinion: \u201cUn acierto con sabor tradicional\u201d\u00a0Nos recomend\u00f3 el sitio un amigo de Barcelona y menudo \u00e9xito. La comida est\u00e1..<\/p>\n","protected":false},"author":2,"featured_media":1640,"parent":0,"menu_order":0,"comment_status":"closed","ping_status":"closed","template":"","meta":{"footnotes":""},"class_list":["post-1638","page","type-page","status-publish","has-post-thumbnail","hentry"],"publishpress_future_action":{"enabled":false,"date":"2026-05-11 12:34:03","action":"change-status","newStatus":"draft","terms":[],"taxonomy":"translation_priority"},"publishpress_future_workflow_manual_trigger":{"enabledWorkflows":[]},"_links":{"self":[{"href":"https:\/\/lavinateriadelcall.com\/en\/wp-json\/wp\/v2\/pages\/1638","targetHints":{"allow":["GET"]}}],"collection":[{"href":"https:\/\/lavinateriadelcall.com\/en\/wp-json\/wp\/v2\/pages"}],"about":[{"href":"https:\/\/lavinateriadelcall.com\/en\/wp-json\/wp\/v2\/types\/page"}],"author":[{"embeddable":true,"href":"https:\/\/lavinateriadelcall.com\/en\/wp-json\/wp\/v2\/users\/2"}],"replies":[{"embeddable":true,"href":"https:\/\/lavinateriadelcall.com\/en\/wp-json\/wp\/v2\/comments?post=1638"}],"version-history":[{"count":0,"href":"https:\/\/lavinateriadelcall.com\/en\/wp-json\/wp\/v2\/pages\/1638\/revisions"}],"wp:featuredmedia":[{"embeddable":true,"href":"https:\/\/lavinateriadelcall.com\/en\/wp-json\/wp\/v2\/media\/1640"}],"wp:attachment":[{"href":"https:\/\/lavinateriadelcall.com\/en\/wp-json\/wp\/v2\/media?parent=1638"}],"curies":[{"name":"wp","href":"https:\/\/api.w.org\/{rel}","templated":true}]}}