{"id":37,"date":"2014-05-30T12:07:17","date_gmt":"2014-05-30T12:07:17","guid":{"rendered":""},"modified":"2024-10-30T16:41:15","modified_gmt":"2024-10-30T16:41:15","slug":"reservas","status":"publish","type":"page","link":"https:\/\/lavinateriadelcall.com\/es\/reservas\/","title":{"rendered":"Reservas"},"content":{"rendered":"\t<div class=\"pixcode  pixcode--grid  grid\" >\n\t\t\t<div class=\"grid__item six-twelfths palm-one-whole\" >\n\t\t\n<h3><span style=\"color: #161616; font-family: 'Source Sans Pro'; font-size: 1.5rem; letter-spacing: 0.1em; text-transform: uppercase; font-weight: inherit;\">RESERVA<\/span><\/h3>\n<p><script type=\"text\/javascript\"\n                                                                                        src=\"https:\/\/www.covermanager.com\/js\/iframeResizer.min.js\"><\/script><iframe\n                                                            id=\"restaurante-vinateria-del-call\" title=\"Reservas\"\n                                                            src=\"https:\/\/www.covermanager.com\/reservation\/module_restaurant\/restaurante-vinateria-del-call\/spanish\"\n                                                            allow=\"payment\" frameborder=\"0\" height=\"550\" width=\"100%\" onload=\"iFrameResize();\"><\/iframe><\/p>\n<p>Puedes reservar por tel\u00e9fono, preferentemente a partir de las 18H; tambi\u00e9n puedes intentarlo de 10-13h.<\/p>\n<p>Si te es m\u00e1s c\u00f3modo, tambi\u00e9n puedes reservar por e-mail, aunque debes escribirnos, al\u00a0 menos con un d\u00eda de antelaci\u00f3n.<\/p>\n<div class=\"pixcode  pixcode--grid  grid\" >\n<div class=\"promo-box grid__item ten-twelfths palm-one-whole\" >\n<div class=\"promo-box__container\">\n<p style=\"text-align: center;\">Para grupos de m\u00e1s de 8 personas tenemos men\u00fa degustaci\u00f3n. Pedid informaci\u00f3n.<\/p>\n<\/div><\/div>\n<\/p><\/div>\n\t<\/div>\n\t<div class=\"grid__item six-twelfths palm-one-whole\" >\n\t\t\n<h3 style=\"text-align: center;\">\u00bfD\u00d3NDE ESTAMOS?<\/h3>\n<p style=\"text-align: center;\">C\/ Salom\u00f3 Ben Adret 9<br \/>\n08009, Barcelona<br \/>\nEspa\u00f1a<\/p>\n<p style=\"text-align: center;\">T\/ +34 933 026 092<\/p>\n<p style=\"text-align: center;\"><a href=\"mailto:info@lavinateriadelcall.com\">lavinateria@lavinateriadelcall.com<\/a><\/p>\n<h3 style=\"text-align: center;\">\u00bfC\u00d3MO LLEGAR?<\/h3>\n<p style=\"text-align: center;\">\u00bb\u00a0Metro L4 (amarilla): Jaume I<br \/>\n\u00bb\u00a0Metro L3 (verde): Liceu<br \/>\n\u00bb\u00a0Parking: Pla\u00e7a Catedral<\/p>\n<p><iframe style=\"border: 0;\" src=\"https:\/\/www.google.com\/maps\/embed?pb=!1m18!1m12!1m3!1d2993.604966992515!2d2.1735354509753018!3d41.382666604149115!2m3!1f0!2f0!3f0!3m2!1i1024!2i768!4f13.1!3m3!1m2!1s0x12a4a2f8482271af%3A0xb69de9e7b1a2a85f!2sLa+Vinateria+del+Call!5e0!3m2!1sen!2ses!4v1549273867797\" width=\"100%\" height=\"450\" frameborder=\"0\" allowfullscreen=\"allowfullscreen\"><\/iframe><\/p>\n\t<\/div>\n\t<\/div>\n\n","protected":false},"excerpt":{"rendered":"<p>[\/col][\/row]<\/p>\n","protected":false},"author":2,"featured_media":777,"parent":0,"menu_order":0,"comment_status":"closed","ping_status":"closed","template":"","meta":{"footnotes":""},"class_list":["post-37","page","type-page","status-publish","has-post-thumbnail","hentry"],"publishpress_future_action":{"enabled":false,"date":"2026-05-11 13:48:03","action":"change-status","newStatus":"draft","terms":[],"taxonomy":"translation_priority"},"publishpress_future_workflow_manual_trigger":{"enabledWorkflows":[]},"_links":{"self":[{"href":"https:\/\/lavinateriadelcall.com\/es\/wp-json\/wp\/v2\/pages\/37","targetHints":{"allow":["GET"]}}],"collection":[{"href":"https:\/\/lavinateriadelcall.com\/es\/wp-json\/wp\/v2\/pages"}],"about":[{"href":"https:\/\/lavinateriadelcall.com\/es\/wp-json\/wp\/v2\/types\/page"}],"author":[{"embeddable":true,"href":"https:\/\/lavinateriadelcall.com\/es\/wp-json\/wp\/v2\/users\/2"}],"replies":[{"embeddable":true,"href":"https:\/\/lavinateriadelcall.com\/es\/wp-json\/wp\/v2\/comments?post=37"}],"version-history":[{"count":0,"href":"https:\/\/lavinateriadelcall.com\/es\/wp-json\/wp\/v2\/pages\/37\/revisions"}],"wp:featuredmedia":[{"embeddable":true,"href":"https:\/\/lavinateriadelcall.com\/es\/wp-json\/wp\/v2\/media\/777"}],"wp:attachment":[{"href":"https:\/\/lavinateriadelcall.com\/es\/wp-json\/wp\/v2\/media?parent=37"}],"curies":[{"name":"wp","href":"https:\/\/api.w.org\/{rel}","templated":true}]}}