{"id":5,"date":"2014-05-30T08:42:12","date_gmt":"2014-05-30T08:42:12","guid":{"rendered":""},"modified":"2024-10-31T09:56:44","modified_gmt":"2024-10-31T09:56:44","slug":"frontpage","status":"publish","type":"page","link":"https:\/\/lavinateriadelcall.com\/es\/","title":{"rendered":"Qui\u00e9nes somos"},"content":{"rendered":"\t<div class=\"pixcode  pixcode--grid  grid\" >\n\t\t\t<div class=\"island grid__item six-twelfths palm-one-whole\" >\n\t\t\n<p style=\"text-align: center;\"><hgroup class=\"pixcode  pixcode--heading article__headline\">\n\t<h2 class=\"headline__secondary\"><span class=\"first-letter\">U<\/span>n local<\/h2>\n\t<h1 class=\"headline__primary\">Con historia<\/h1>\n<\/hgroup>\n<p style=\"text-align: center;\"><div class=\"pixcode  pixcode--separator  separator separator--flower separator_color--color\">&#10043;<\/div>\n\n<p class=\"p1\" style=\"text-align: center;\"><span class=\"s1\">All\u00ed donde las piedras te llevan a un lugar incierto, el antiguo barrio jud\u00edo de una Barcelona medieval, es donde La Vinateria del Call asienta su esencia desde hace casi cuarenta a\u00f1os, manteniendo siempre la misma filosof\u00eda: la verdad.<\/span><\/p>\n\t<\/div>\n\t<div class=\"grid__item six-twelfths palm-one-whole\" >\n\t\t\n\n\t\t<style type='text\/css'>\n\t\t\t#gallery-0 {\n\t\t\t\tmargin: auto;\n\t\t\t}\n\t\t\t#gallery-0 .gallery-item {\n\t\t\t\tfloat: left;\n\t\t\t\ttext-align: center;\n\t\t\t\twidth: 50%;\n\t\t\t}\n\t\t\t\/* see gallery_shortcode() in wp-includes\/media.php *\/\n\t\t<\/style>\n\t\t<div id='gallery-0' class='gallery galleryid-5 gallery-columns-2 gallery-size-full'><figure class='gallery-item'>\n\t\t\t<div class='gallery-icon portrait'>\n\t\t\t\t<img decoding=\"async\" width=\"408\" height=\"600\" src=\"https:\/\/lavinateriadelcall.com\/wp-content\/uploads\/2023\/07\/vinateria-01.jpg\" class=\"attachment-full size-full\" alt=\"\" srcset=\"https:\/\/lavinateriadelcall.com\/wp-content\/uploads\/2023\/07\/vinateria-01.jpg 408w, https:\/\/lavinateriadelcall.com\/wp-content\/uploads\/2023\/07\/vinateria-01-204x300.jpg 204w, https:\/\/lavinateriadelcall.com\/wp-content\/uploads\/2023\/07\/vinateria-01-400x588.jpg 400w\" sizes=\"(max-width: 408px) 100vw, 408px\" \/>\n\t\t\t<\/div><\/figure><figure class='gallery-item'>\n\t\t\t<div class='gallery-icon portrait'>\n\t\t\t\t<img decoding=\"async\" width=\"408\" height=\"600\" src=\"https:\/\/lavinateriadelcall.com\/wp-content\/uploads\/2023\/07\/vinateria-02.jpg\" class=\"attachment-full size-full\" alt=\"\" srcset=\"https:\/\/lavinateriadelcall.com\/wp-content\/uploads\/2023\/07\/vinateria-02.jpg 408w, https:\/\/lavinateriadelcall.com\/wp-content\/uploads\/2023\/07\/vinateria-02-204x300.jpg 204w, https:\/\/lavinateriadelcall.com\/wp-content\/uploads\/2023\/07\/vinateria-02-400x588.jpg 400w\" sizes=\"(max-width: 408px) 100vw, 408px\" \/>\n\t\t\t<\/div><\/figure>\n\t\t<\/div>\n\n\t<\/div>\n\t<\/div>\n\n","protected":false},"excerpt":{"rendered":"","protected":false},"author":2,"featured_media":2124,"parent":0,"menu_order":0,"comment_status":"closed","ping_status":"closed","template":"","meta":{"footnotes":""},"class_list":["post-5","page","type-page","status-publish","has-post-thumbnail","hentry"],"publishpress_future_action":{"enabled":false,"date":"2026-05-11 14:44:21","action":"change-status","newStatus":"draft","terms":[],"taxonomy":"translation_priority"},"publishpress_future_workflow_manual_trigger":{"enabledWorkflows":[]},"_links":{"self":[{"href":"https:\/\/lavinateriadelcall.com\/es\/wp-json\/wp\/v2\/pages\/5","targetHints":{"allow":["GET"]}}],"collection":[{"href":"https:\/\/lavinateriadelcall.com\/es\/wp-json\/wp\/v2\/pages"}],"about":[{"href":"https:\/\/lavinateriadelcall.com\/es\/wp-json\/wp\/v2\/types\/page"}],"author":[{"embeddable":true,"href":"https:\/\/lavinateriadelcall.com\/es\/wp-json\/wp\/v2\/users\/2"}],"replies":[{"embeddable":true,"href":"https:\/\/lavinateriadelcall.com\/es\/wp-json\/wp\/v2\/comments?post=5"}],"version-history":[{"count":1,"href":"https:\/\/lavinateriadelcall.com\/es\/wp-json\/wp\/v2\/pages\/5\/revisions"}],"predecessor-version":[{"id":2467,"href":"https:\/\/lavinateriadelcall.com\/es\/wp-json\/wp\/v2\/pages\/5\/revisions\/2467"}],"wp:featuredmedia":[{"embeddable":true,"href":"https:\/\/lavinateriadelcall.com\/es\/wp-json\/wp\/v2\/media\/2124"}],"wp:attachment":[{"href":"https:\/\/lavinateriadelcall.com\/es\/wp-json\/wp\/v2\/media?parent=5"}],"curies":[{"name":"wp","href":"https:\/\/api.w.org\/{rel}","templated":true}]}}