{"id":1619,"date":"2014-05-30T12:07:17","date_gmt":"2014-05-30T12:07:17","guid":{"rendered":"http:\/\/lavinateriadelcall.com\/reservations\/"},"modified":"2024-10-30T16:42:37","modified_gmt":"2024-10-30T16:42:37","slug":"reservations","status":"publish","type":"page","link":"https:\/\/lavinateriadelcall.com\/fr\/reservations\/","title":{"rendered":"R\u00e9servation"},"content":{"rendered":"<p><script type=\"text\/javascript\"\n                                                                                        src=\"https:\/\/www.covermanager.com\/js\/iframeResizer.min.js\"><\/script><iframe\n                                                            id=\"restaurante-vinateria-del-call\" title=\"Reservas\"\n                                                            src=\"https:\/\/www.covermanager.com\/reservation\/module_restaurant\/restaurante-vinateria-del-call\/french\"\n                                                            allow=\"payment\" frameborder=\"0\" height=\"550\" width=\"100%\" onload=\"iFrameResize();\"><\/iframe><\/p>\n<section class=\"row gridable-mceItem gridable gridable--grid grid\" contenteditable=\"false\" data-sh-row-attr-cols_nr=\"2\" data-gridable-row=\"1\" data-mce-placeholder=\"1\">\n<section class=\"col gridable-mceItem  grid__item\" contenteditable=\"true\" data-sh-column-attr-size=\"6\" data-mce-placeholder=\"1\">\n<h3 style=\"text-align: left;\">R\u00c9SERVER<\/h3>\n<p style=\"text-align: left;\">Vous pouvez r\u00e9server une table par t\u00e9l\u00e9phone, de pr\u00e9f\u00e9rence depuis 18h, et aussi essayer de nous contacter entre 10h et 13h.<\/p>\n<p style=\"text-align: left;\">Par e-mail c&rsquo;est aussi possible, mais il faut nous \u00e9crire avec au moins une jour d&rsquo;avance.<\/p>\n<section class=\"row gridable-mceItem gridable gridable--grid grid\" contenteditable=\"false\" data-sh-row-attr-cols_nr=\"1\" data-gridable-row=\"1\" data-mce-placeholder=\"1\">\n<section class=\"col gridable-mceItem  grid__item\" contenteditable=\"true\" data-sh-column-attr-size=\"10\" data-sh-column-attr-class=\"promo-box\" data-mce-placeholder=\"1\">Pour les groupes de plus de 8 personnes nous avons un menu de d\u00e9gustation. Demander des informations<\/p>\n<p>\u00a0<\/p>\n<\/section>\n<\/section>\n<p>\u00a0<\/p>\n<\/section>\n<section class=\"col gridable-mceItem  grid__item\" contenteditable=\"true\" data-sh-column-attr-size=\"6\" data-mce-placeholder=\"1\">\n<h3 style=\"text-align: center;\">O\u00d9 SOMMES-NOUS?<\/h3>\n<p style=\"text-align: center;\">C\/ Salom\u00f3 Ben Adret 9<br \/>\n08009, Barcelona<br \/>\nEspa\u00f1a<\/p>\n<p style=\"text-align: center;\">T\/ +34 933 026 092<\/p>\n<p style=\"text-align: center;\"><a href=\"mailto:info@lavinateriadelcall.com\">lavinateria@lavinateriadelcall.com<\/a><\/p>\n<h3 id=\"tw-target-text\" class=\"tw-data-text tw-ta tw-text-medium\" dir=\"ltr\" style=\"text-align: center;\" data-placeholder=\"Traducci\u00f3n\">comment arriver?<\/h3>\n<p style=\"text-align: center;\">\u00bb\u00a0Metro L4 (jaune): Jaume I<br \/>\n\u00bb\u00a0Metro L3 (vert): Liceu<br \/>\n\u00bb\u00a0Parking: Pla\u00e7a Catedral<\/p>\n<p><iframe style=\"border: 0;\" src=\"https:\/\/www.google.com\/maps\/embed?pb=!1m18!1m12!1m3!1d2993.604966992515!2d2.1735354509753018!3d41.382666604149115!2m3!1f0!2f0!3f0!3m2!1i1024!2i768!4f13.1!3m3!1m2!1s0x12a4a2f8482271af%3A0xb69de9e7b1a2a85f!2sLa+Vinateria+del+Call!5e0!3m2!1sen!2ses!4v1549273867797\" width=\"100%\" height=\"450\" frameborder=\"0\" allowfullscreen=\"allowfullscreen\"><\/iframe><\/p>\n<\/section>\n<\/section>\n","protected":false},"excerpt":{"rendered":"<p>R\u00c9SERVER Vous pouvez r\u00e9server une table par t\u00e9l\u00e9phone, de pr\u00e9f\u00e9rence depuis 18h, et aussi essayer de nous contacter entre 10h et 13h. Par e-mail c&rsquo;est aussi possible, mais il faut nous \u00e9crire avec au moins une jour d&rsquo;avance. Pour les groupes de plus de 8 personnes nous avons un menu de d\u00e9gustation. Demander des informations..<\/p>\n","protected":false},"author":2,"featured_media":1595,"parent":0,"menu_order":0,"comment_status":"closed","ping_status":"closed","template":"","meta":{"footnotes":""},"class_list":["post-1619","page","type-page","status-publish","has-post-thumbnail","hentry"],"publishpress_future_action":{"enabled":false,"date":"2026-05-11 13:44:04","action":"change-status","newStatus":"draft","terms":[],"taxonomy":"translation_priority"},"publishpress_future_workflow_manual_trigger":{"enabledWorkflows":[]},"_links":{"self":[{"href":"https:\/\/lavinateriadelcall.com\/fr\/wp-json\/wp\/v2\/pages\/1619","targetHints":{"allow":["GET"]}}],"collection":[{"href":"https:\/\/lavinateriadelcall.com\/fr\/wp-json\/wp\/v2\/pages"}],"about":[{"href":"https:\/\/lavinateriadelcall.com\/fr\/wp-json\/wp\/v2\/types\/page"}],"author":[{"embeddable":true,"href":"https:\/\/lavinateriadelcall.com\/fr\/wp-json\/wp\/v2\/users\/2"}],"replies":[{"embeddable":true,"href":"https:\/\/lavinateriadelcall.com\/fr\/wp-json\/wp\/v2\/comments?post=1619"}],"version-history":[{"count":0,"href":"https:\/\/lavinateriadelcall.com\/fr\/wp-json\/wp\/v2\/pages\/1619\/revisions"}],"wp:featuredmedia":[{"embeddable":true,"href":"https:\/\/lavinateriadelcall.com\/fr\/wp-json\/wp\/v2\/media\/1595"}],"wp:attachment":[{"href":"https:\/\/lavinateriadelcall.com\/fr\/wp-json\/wp\/v2\/media?parent=1619"}],"curies":[{"name":"wp","href":"https:\/\/api.w.org\/{rel}","templated":true}]}}